{"id":784,"date":"2020-06-19T10:38:34","date_gmt":"2020-06-19T10:38:34","guid":{"rendered":"https:\/\/askcentar.rs\/contact\/"},"modified":"2023-08-20T19:26:24","modified_gmt":"2023-08-20T19:26:24","slug":"contact","status":"publish","type":"page","link":"https:\/\/askcentar.rs\/en\/contact\/","title":{"rendered":"Contact"},"content":{"rendered":"<p>[et_pb_section fb_built=&#8221;1&#8243; fullwidth=&#8221;on&#8221; admin_label=&#8221;Map Header&#8221; _builder_version=&#8221;4.16&#8243; bottom_divider_style=&#8221;wave&#8221; bottom_divider_color=&#8221;#ffffff&#8221; bottom_divider_height=&#8221;82px&#8221; bottom_divider_flip=&#8221;vertical&#8221; global_colors_info=&#8221;{}&#8221;][et_pb_fullwidth_map address=&#8221;Topli\u010din venac 11, Beograd 11000, Serbia&#8221; address_lat=&#8221;44.81615286622&#8243; address_lng=&#8221;20.454803646228&#8243; _builder_version=&#8221;4.16&#8243; height_tablet=&#8221;&#8221; height_phone=&#8221;543px&#8221; height_last_edited=&#8221;on|phone&#8221; filter_saturate=&#8221;82%&#8221; global_colors_info=&#8221;{}&#8221;][et_pb_map_pin title=&#8221;ASK Center&#8221; pin_address=&#8221;Topli\u010din venac 11, Beograd 11000, Serbia&#8221; pin_address_lat=&#8221;44.816165&#8243; pin_address_lng=&#8221;20.4552633&#8243; _builder_version=&#8221;4.4.8&#8243; global_colors_info=&#8221;{}&#8221;]<\/p>\n<p>ASK Education Center<\/p>\n<p>[\/et_pb_map_pin][\/et_pb_fullwidth_map][\/et_pb_section][et_pb_section fb_built=&#8221;1&#8243; specialty=&#8221;on&#8221; admin_label=&#8221;Contact&#8221; _builder_version=&#8221;4.16&#8243; background_color=&#8221;rgba(0,0,0,0)&#8221; width_tablet=&#8221;&#8221; width_phone=&#8221;100%&#8221; width_last_edited=&#8221;on|phone&#8221; max_width_tablet=&#8221;&#8221; max_width_phone=&#8221;100%&#8221; max_width_last_edited=&#8221;on|phone&#8221; inner_max_width_tablet=&#8221;&#8221; inner_max_width_phone=&#8221;&#8221; inner_max_width_last_edited=&#8221;on|phone&#8221; custom_margin=&#8221;|||&#8221; custom_padding=&#8221;0px|0px|54px|0px&#8221; global_colors_info=&#8221;{}&#8221;][et_pb_column type=&#8221;1_2&#8243; specialty_columns=&#8221;2&#8243; _builder_version=&#8221;4.16&#8243; custom_padding=&#8221;|||&#8221; global_colors_info=&#8221;{}&#8221; custom_padding__hover=&#8221;|||&#8221;][et_pb_row_inner use_custom_gutter=&#8221;on&#8221; gutter_width=&#8221;2&#8243; custom_padding_last_edited=&#8221;on|desktop&#8221; disabled_on=&#8221;on|on|off&#8221; _builder_version=&#8221;4.16&#8243; background_color=&#8221;#ffffff&#8221; width_tablet=&#8221;&#8221; width_phone=&#8221;100%&#8221; width_last_edited=&#8221;on|phone&#8221; max_width_tablet=&#8221;&#8221; max_width_phone=&#8221;&#8221; max_width_last_edited=&#8221;on|phone&#8221; custom_margin=&#8221;-200px||80px|&#8221; custom_margin_tablet=&#8221;&#8221; custom_margin_phone=&#8221;7px||80px||false|false&#8221; custom_margin_last_edited=&#8221;on|phone&#8221; custom_padding=&#8221;60px|60px|60px|60px&#8221; custom_padding_tablet=&#8221;&#8221; custom_padding_phone=&#8221;|40px||40px|false|false&#8221; box_shadow_style=&#8221;preset3&#8243; global_colors_info=&#8221;{}&#8221;][et_pb_column_inner saved_specialty_column_type=&#8221;1_2&#8243; _builder_version=&#8221;4.16&#8243; custom_padding=&#8221;|||&#8221; global_colors_info=&#8221;{}&#8221; custom_padding__hover=&#8221;|||&#8221;][et_pb_text _builder_version=&#8221;4.16&#8243; text_font=&#8221;Open Sans||||||||&#8221; header_font=&#8221;Rubik|500||on|||||&#8221; header_text_color=&#8221;#f26e22&#8243; header_font_size=&#8221;38px&#8221; header_letter_spacing=&#8221;1px&#8221; header_line_height=&#8221;1.4em&#8221; header_2_font=&#8221;||||||||&#8221; header_3_font=&#8221;||||||||&#8221; text_orientation=&#8221;center&#8221; max_width=&#8221;550px&#8221; module_alignment=&#8221;center&#8221; custom_margin=&#8221;|||&#8221; locked=&#8221;off&#8221; global_colors_info=&#8221;{}&#8221;]<\/p>\n<h1>Contact us<\/h1>\n<p>[\/et_pb_text][et_pb_contact_form captcha=&#8221;off&#8221; email=&#8221;office@afirmacijakulture.org&#8221; success_message=&#8221;Va\u0161a poruka je uspe\u0161no poslata!&#8221; submit_button_text=&#8221;Po\u0161alji&#8221; module_id=&#8221;et_pb_contact_form_0&#8243; _builder_version=&#8221;4.18.1&#8243; _unique_id=&#8221;e13d3788-be19-4a36-9fb7-06bdd44cfd23&#8243; form_field_background_color=&#8221;#ffffff&#8221; form_field_text_color=&#8221;rgba(0,0,0,0.7)&#8221; title_level=&#8221;h2&#8243; title_font=&#8221;Playfair Display|700|||||||&#8221; title_text_align=&#8221;center&#8221; title_font_size=&#8221;38px&#8221; title_line_height=&#8221;1.4em&#8221; form_field_font=&#8221;Poppins|600||on|||||&#8221; form_field_font_size=&#8221;12px&#8221; form_field_letter_spacing=&#8221;2px&#8221; custom_button=&#8221;on&#8221; button_text_size=&#8221;20px&#8221; button_text_color=&#8221;#ffffff&#8221; button_bg_color=&#8221;#f26e22&#8243; button_border_width=&#8221;0px&#8221; button_border_radius=&#8221;15px&#8221; button_font=&#8221;Rubik|600|||||||&#8221; button_icon=&#8221;$||divi||400&#8243; custom_margin=&#8221;|||&#8221; custom_padding=&#8221;|||&#8221; border_color_all=&#8221;#dfdfe3&#8243; border_width_bottom=&#8221;1px&#8221; form_background_color=&#8221;#ffffff&#8221; locked=&#8221;off&#8221; global_colors_info=&#8221;{}&#8221;][et_pb_contact_field field_id=&#8221;Name&#8221; field_title=&#8221;Ime&#8221; fullwidth_field=&#8221;on&#8221; _builder_version=&#8221;4.16&#8243; form_field_font=&#8221;Open Sans||||||||&#8221; custom_margin=&#8221;||20px|&#8221; custom_padding=&#8221;|||&#8221; global_colors_info=&#8221;{}&#8221; button_text_size__hover_enabled=&#8221;off&#8221; button_one_text_size__hover_enabled=&#8221;off&#8221; button_two_text_size__hover_enabled=&#8221;off&#8221; button_text_color__hover_enabled=&#8221;off&#8221; button_one_text_color__hover_enabled=&#8221;off&#8221; button_two_text_color__hover_enabled=&#8221;off&#8221; button_border_width__hover_enabled=&#8221;off&#8221; button_one_border_width__hover_enabled=&#8221;off&#8221; button_two_border_width__hover_enabled=&#8221;off&#8221; button_border_color__hover_enabled=&#8221;off&#8221; button_one_border_color__hover_enabled=&#8221;off&#8221; button_two_border_color__hover_enabled=&#8221;off&#8221; button_border_radius__hover_enabled=&#8221;off&#8221; button_one_border_radius__hover_enabled=&#8221;off&#8221; button_two_border_radius__hover_enabled=&#8221;off&#8221; button_letter_spacing__hover_enabled=&#8221;off&#8221; button_one_letter_spacing__hover_enabled=&#8221;off&#8221; button_two_letter_spacing__hover_enabled=&#8221;off&#8221; button_bg_color__hover_enabled=&#8221;off&#8221; button_one_bg_color__hover_enabled=&#8221;off&#8221; button_two_bg_color__hover_enabled=&#8221;off&#8221;][\/et_pb_contact_field][et_pb_contact_field field_id=&#8221;Email&#8221; field_title=&#8221;Email adresa&#8221; fullwidth_field=&#8221;on&#8221; _builder_version=&#8221;4.18.1&#8243; form_field_font=&#8221;Open Sans||||||||&#8221; custom_margin=&#8221;||20px|&#8221; global_colors_info=&#8221;{}&#8221; button_text_size__hover_enabled=&#8221;off&#8221; button_one_text_size__hover_enabled=&#8221;off&#8221; button_two_text_size__hover_enabled=&#8221;off&#8221; button_text_color__hover_enabled=&#8221;off&#8221; button_one_text_color__hover_enabled=&#8221;off&#8221; button_two_text_color__hover_enabled=&#8221;off&#8221; button_border_width__hover_enabled=&#8221;off&#8221; button_one_border_width__hover_enabled=&#8221;off&#8221; button_two_border_width__hover_enabled=&#8221;off&#8221; button_border_color__hover_enabled=&#8221;off&#8221; button_one_border_color__hover_enabled=&#8221;off&#8221; button_two_border_color__hover_enabled=&#8221;off&#8221; button_border_radius__hover_enabled=&#8221;off&#8221; button_one_border_radius__hover_enabled=&#8221;off&#8221; button_two_border_radius__hover_enabled=&#8221;off&#8221; button_letter_spacing__hover_enabled=&#8221;off&#8221; button_one_letter_spacing__hover_enabled=&#8221;off&#8221; button_two_letter_spacing__hover_enabled=&#8221;off&#8221; button_bg_color__hover_enabled=&#8221;off&#8221; button_one_bg_color__hover_enabled=&#8221;off&#8221; button_two_bg_color__hover_enabled=&#8221;off&#8221;][\/et_pb_contact_field][et_pb_contact_field field_id=&#8221;Phone&#8221; field_title=&#8221;Broj telefona&#8221; required_mark=&#8221;off&#8221; fullwidth_field=&#8221;on&#8221; _builder_version=&#8221;4.16&#8243; form_field_font=&#8221;Open Sans||||||||&#8221; custom_margin=&#8221;||20px|&#8221; global_colors_info=&#8221;{}&#8221; button_text_size__hover_enabled=&#8221;off&#8221; button_one_text_size__hover_enabled=&#8221;off&#8221; button_two_text_size__hover_enabled=&#8221;off&#8221; button_text_color__hover_enabled=&#8221;off&#8221; button_one_text_color__hover_enabled=&#8221;off&#8221; button_two_text_color__hover_enabled=&#8221;off&#8221; button_border_width__hover_enabled=&#8221;off&#8221; button_one_border_width__hover_enabled=&#8221;off&#8221; button_two_border_width__hover_enabled=&#8221;off&#8221; button_border_color__hover_enabled=&#8221;off&#8221; button_one_border_color__hover_enabled=&#8221;off&#8221; button_two_border_color__hover_enabled=&#8221;off&#8221; button_border_radius__hover_enabled=&#8221;off&#8221; button_one_border_radius__hover_enabled=&#8221;off&#8221; button_two_border_radius__hover_enabled=&#8221;off&#8221; button_letter_spacing__hover_enabled=&#8221;off&#8221; button_one_letter_spacing__hover_enabled=&#8221;off&#8221; button_two_letter_spacing__hover_enabled=&#8221;off&#8221; button_bg_color__hover_enabled=&#8221;off&#8221; button_one_bg_color__hover_enabled=&#8221;off&#8221; button_two_bg_color__hover_enabled=&#8221;off&#8221;][\/et_pb_contact_field][et_pb_contact_field field_id=&#8221;Message&#8221; field_title=&#8221;Tekst poruke&#8221; field_type=&#8221;text&#8221; fullwidth_field=&#8221;on&#8221; _builder_version=&#8221;4.16&#8243; form_field_background_color=&#8221;rgba(12,12,12,0.02)&#8221; form_field_font=&#8221;Open Sans||||||||&#8221; custom_margin=&#8221;40px||20px|&#8221; border_width_all=&#8221;1px&#8221; field_background_color=&#8221;rgba(12,12,12,0.02)&#8221; global_colors_info=&#8221;{}&#8221; button_text_size__hover_enabled=&#8221;off&#8221; button_one_text_size__hover_enabled=&#8221;off&#8221; button_two_text_size__hover_enabled=&#8221;off&#8221; button_text_color__hover_enabled=&#8221;off&#8221; button_one_text_color__hover_enabled=&#8221;off&#8221; button_two_text_color__hover_enabled=&#8221;off&#8221; button_border_width__hover_enabled=&#8221;off&#8221; button_one_border_width__hover_enabled=&#8221;off&#8221; button_two_border_width__hover_enabled=&#8221;off&#8221; button_border_color__hover_enabled=&#8221;off&#8221; button_one_border_color__hover_enabled=&#8221;off&#8221; button_two_border_color__hover_enabled=&#8221;off&#8221; button_border_radius__hover_enabled=&#8221;off&#8221; button_one_border_radius__hover_enabled=&#8221;off&#8221; button_two_border_radius__hover_enabled=&#8221;off&#8221; button_letter_spacing__hover_enabled=&#8221;off&#8221; button_one_letter_spacing__hover_enabled=&#8221;off&#8221; button_two_letter_spacing__hover_enabled=&#8221;off&#8221; button_bg_color__hover_enabled=&#8221;off&#8221; button_one_bg_color__hover_enabled=&#8221;off&#8221; button_two_bg_color__hover_enabled=&#8221;off&#8221;][\/et_pb_contact_field][\/et_pb_contact_form][\/et_pb_column_inner][\/et_pb_row_inner][\/et_pb_column][et_pb_column type=&#8221;1_2&#8243; _builder_version=&#8221;4.16&#8243; custom_padding=&#8221;|||&#8221; global_colors_info=&#8221;{}&#8221; custom_padding__hover=&#8221;|||&#8221;][et_pb_blurb title=&#8221;Address&#8221; use_icon=&#8221;on&#8221; font_icon=&#8221;\ue081||divi||400&#8243; icon_color=&#8221;#f26e22&#8243; image_icon_width=&#8221;42px&#8221; _builder_version=&#8221;4.16&#8243; header_font=&#8221;Rubik|500||on|||||&#8221; header_text_color=&#8221;rgba(0,0,0,0.4)&#8221; header_font_size=&#8221;12px&#8221; header_letter_spacing=&#8221;1px&#8221; body_font=&#8221;Open Sans|700|||||||&#8221; body_text_color=&#8221;#f26e22&#8243; body_letter_spacing=&#8221;1px&#8221; body_line_height=&#8221;1.8em&#8221; text_orientation=&#8221;center&#8221; custom_margin=&#8221;||40px|&#8221; animation_style=&#8221;zoom&#8221; animation_intensity_zoom=&#8221;30%&#8221; animation=&#8221;off&#8221; border_style_all=&#8221;dashed&#8221; icon_font_size=&#8221;42px&#8221; locked=&#8221;off&#8221; global_colors_info=&#8221;{}&#8221;]<\/p>\n<p><span>Toplicin venac No. 11<\/span><br \/>11000 Belgrade<\/p>\n<p>[\/et_pb_blurb][et_pb_blurb title=&#8221;Contact&#8221; use_icon=&#8221;on&#8221; font_icon=&#8221;\ue065||divi||400&#8243; icon_color=&#8221;#f26e22&#8243; image_icon_width=&#8221;42px&#8221; _builder_version=&#8221;4.21.0&#8243; header_font=&#8221;Rubik|500||on|||||&#8221; header_text_color=&#8221;rgba(0,0,0,0.4)&#8221; header_font_size=&#8221;12px&#8221; header_letter_spacing=&#8221;1px&#8221; body_font=&#8221;Open Sans|700|||||||&#8221; body_text_color=&#8221;#f26e22&#8243; body_letter_spacing=&#8221;1px&#8221; body_line_height=&#8221;1.8em&#8221; text_orientation=&#8221;center&#8221; custom_margin=&#8221;||40px|&#8221; animation_style=&#8221;zoom&#8221; animation_intensity_zoom=&#8221;30%&#8221; animation=&#8221;off&#8221; border_style_all=&#8221;dashed&#8221; icon_font_size=&#8221;42px&#8221; locked=&#8221;off&#8221; global_colors_info=&#8221;{}&#8221;]<\/p>\n<div dir=\"auto\"><a href=\"mailto:office@askcentar.rs\">office@askcentar.rs<\/a><\/div>\n<div dir=\"auto\">+381 69 707123<\/div>\n<div dir=\"auto\">+381 60 1707575<\/div>\n<div dir=\"auto\">\n<div class=\"et_pb_column et_pb_column_1_3 et_pb_column_2_tb_footer et_pb_css_mix_blend_mode_passthrough\">\n<div class=\"et_pb_module et_pb_blurb et_pb_blurb_1_tb_footer et_pb_text_align_left et_pb_blurb_position_top et_pb_bg_layout_dark et_had_animation\">\n<div class=\"et_pb_blurb_content\">\n<div class=\"et_pb_main_blurb_image\"><\/div>\n<\/div>\n<\/div>\n<\/div>\n<\/div>\n<div dir=\"auto\"><\/div>\n<div dir=\"auto\"><\/div>\n<div dir=\"auto\"><\/div>\n<p>[\/et_pb_blurb][et_pb_blurb title=&#8221;Work hour&#8221; use_icon=&#8221;on&#8221; font_icon=&#8221;\ue06b||divi||400&#8243; icon_color=&#8221;#f26e22&#8243; image_icon_width=&#8221;42px&#8221; _builder_version=&#8221;4.16&#8243; header_font=&#8221;Rubik|500||on|||||&#8221; header_text_color=&#8221;rgba(0,0,0,0.4)&#8221; header_font_size=&#8221;12px&#8221; header_letter_spacing=&#8221;1px&#8221; body_font=&#8221;Open Sans|700|||||||&#8221; body_text_color=&#8221;#f26e22&#8243; body_letter_spacing=&#8221;1px&#8221; body_line_height=&#8221;1.8em&#8221; text_orientation=&#8221;center&#8221; custom_margin=&#8221;||40px|&#8221; animation_style=&#8221;zoom&#8221; animation_intensity_zoom=&#8221;30%&#8221; animation=&#8221;off&#8221; border_style_all=&#8221;dashed&#8221; icon_font_size=&#8221;42px&#8221; locked=&#8221;off&#8221; global_colors_info=&#8221;{}&#8221;]<\/p>\n<p>Mon. &#8211; Sun. : 08:00 &#8211; 22:00<\/p>\n<p>[\/et_pb_blurb][et_pb_social_media_follow icon_color=&#8221;#ffffff&#8221; _builder_version=&#8221;4.16&#8243; background_enable_color=&#8221;off&#8221; text_orientation=&#8221;center&#8221; global_colors_info=&#8221;{}&#8221;][et_pb_social_media_follow_network social_network=&#8221;facebook&#8221; url=&#8221;https:\/\/www.facebook.com\/ASKEduCentar&#8221; _builder_version=&#8221;4.16&#8243; background_color=&#8221;#f26e22&#8243; background_enable_color=&#8221;on&#8221; border_radii=&#8221;on|25px|25px|25px|25px&#8221; global_colors_info=&#8221;{}&#8221; follow_button=&#8221;off&#8221; url_new_window=&#8221;on&#8221;]facebook[\/et_pb_social_media_follow_network] [et_pb_social_media_follow_network social_network=&#8221;linkedin&#8221; url=&#8221;https:\/\/www.linkedin.com\/company\/ask-centar\/?viewAsMember=true&#8221; _builder_version=&#8221;4.16&#8243; background_color=&#8221;#f26e22&#8243; background_enable_color=&#8221;on&#8221; border_radii=&#8221;on|25px|25px|25px|25px&#8221; global_colors_info=&#8221;{}&#8221; follow_button=&#8221;off&#8221; url_new_window=&#8221;on&#8221;]linkedin[\/et_pb_social_media_follow_network] [et_pb_social_media_follow_network social_network=&#8221;instagram&#8221; url=&#8221;https:\/\/www.instagram.com\/askcentar\/?hl=en&#8221; _builder_version=&#8221;4.16&#8243; background_color=&#8221;#f26e22&#8243; background_enable_color=&#8221;on&#8221; border_radii=&#8221;on|25px|25px|25px|25px&#8221; global_colors_info=&#8221;{}&#8221; follow_button=&#8221;off&#8221; url_new_window=&#8221;on&#8221;]instagram[\/et_pb_social_media_follow_network][\/et_pb_social_media_follow][\/et_pb_column][\/et_pb_section]<\/p>\n","protected":false},"excerpt":{"rendered":"<p>ASK Education CenterContact usToplicin venac No. 1111000 Belgradeoffice@askcentar.rs +381 69 707123 +381 60 1707575 Mon. &#8211; Sun. : 08:00 &#8211; 22:00<\/p>\n","protected":false},"author":4,"featured_media":689,"parent":0,"menu_order":0,"comment_status":"closed","ping_status":"closed","template":"","meta":{"_et_pb_use_builder":"on","_et_pb_old_content":"","_et_gb_content_width":"","footnotes":""},"class_list":["post-784","page","type-page","status-publish","has-post-thumbnail","hentry"],"yoast_head":"<!-- This site is optimized with the Yoast SEO plugin v27.3 - https:\/\/yoast.com\/product\/yoast-seo-wordpress\/ -->\n<title>Contact ASK Education Center<\/title>\n<meta name=\"description\" content=\"Visit us at the address Topli\u010din venac number 11 or contact us on one of the phones +381652402801 or +381601707575. Find more information on the site!\" \/>\n<meta name=\"robots\" content=\"index, follow, max-snippet:-1, max-image-preview:large, max-video-preview:-1\" \/>\n<link rel=\"canonical\" href=\"https:\/\/askcentar.rs\/en\/contact\/\" \/>\n<meta property=\"og:locale\" content=\"en_US\" \/>\n<meta property=\"og:type\" content=\"article\" \/>\n<meta property=\"og:title\" content=\"Contact ASK Education Center\" \/>\n<meta property=\"og:description\" content=\"Visit us at the address Topli\u010din venac number 11 or contact us on one of the phones +381652402801 or +381601707575. Find more information on the site!\" \/>\n<meta property=\"og:url\" content=\"https:\/\/askcentar.rs\/en\/contact\/\" \/>\n<meta property=\"og:site_name\" content=\"ASK Centar\" \/>\n<meta property=\"article:modified_time\" content=\"2023-08-20T19:26:24+00:00\" \/>\n<meta property=\"og:image\" content=\"https:\/\/askcentar.rs\/wp-content\/uploads\/2020\/07\/ASK-Centar-kontakt.jpg\" \/>\n\t<meta property=\"og:image:width\" content=\"1339\" \/>\n\t<meta property=\"og:image:height\" content=\"712\" \/>\n\t<meta property=\"og:image:type\" content=\"image\/jpeg\" \/>\n<meta name=\"twitter:card\" content=\"summary_large_image\" \/>\n<meta name=\"twitter:label1\" content=\"Est. reading time\" \/>\n\t<meta name=\"twitter:data1\" content=\"8 minutes\" \/>\n<script type=\"application\/ld+json\" class=\"yoast-schema-graph\">{\"@context\":\"https:\\\/\\\/schema.org\",\"@graph\":[{\"@type\":\"WebPage\",\"@id\":\"https:\\\/\\\/askcentar.rs\\\/en\\\/contact\\\/\",\"url\":\"https:\\\/\\\/askcentar.rs\\\/en\\\/contact\\\/\",\"name\":\"Contact ASK Education Center\",\"isPartOf\":{\"@id\":\"https:\\\/\\\/askcentar.rs\\\/#website\"},\"primaryImageOfPage\":{\"@id\":\"https:\\\/\\\/askcentar.rs\\\/en\\\/contact\\\/#primaryimage\"},\"image\":{\"@id\":\"https:\\\/\\\/askcentar.rs\\\/en\\\/contact\\\/#primaryimage\"},\"thumbnailUrl\":\"https:\\\/\\\/askcentar.rs\\\/wp-content\\\/uploads\\\/2020\\\/07\\\/ASK-Centar-kontakt.jpg\",\"datePublished\":\"2020-06-19T10:38:34+00:00\",\"dateModified\":\"2023-08-20T19:26:24+00:00\",\"description\":\"Visit us at the address Topli\u010din venac number 11 or contact us on one of the phones +381652402801 or +381601707575. Find more information on the site!\",\"breadcrumb\":{\"@id\":\"https:\\\/\\\/askcentar.rs\\\/en\\\/contact\\\/#breadcrumb\"},\"inLanguage\":\"en-US\",\"potentialAction\":[{\"@type\":\"ReadAction\",\"target\":[\"https:\\\/\\\/askcentar.rs\\\/en\\\/contact\\\/\"]}]},{\"@type\":\"ImageObject\",\"inLanguage\":\"en-US\",\"@id\":\"https:\\\/\\\/askcentar.rs\\\/en\\\/contact\\\/#primaryimage\",\"url\":\"https:\\\/\\\/askcentar.rs\\\/wp-content\\\/uploads\\\/2020\\\/07\\\/ASK-Centar-kontakt.jpg\",\"contentUrl\":\"https:\\\/\\\/askcentar.rs\\\/wp-content\\\/uploads\\\/2020\\\/07\\\/ASK-Centar-kontakt.jpg\",\"width\":1339,\"height\":712},{\"@type\":\"BreadcrumbList\",\"@id\":\"https:\\\/\\\/askcentar.rs\\\/en\\\/contact\\\/#breadcrumb\",\"itemListElement\":[{\"@type\":\"ListItem\",\"position\":1,\"name\":\"Home\",\"item\":\"https:\\\/\\\/askcentar.rs\\\/en\\\/\"},{\"@type\":\"ListItem\",\"position\":2,\"name\":\"Contact\"}]},{\"@type\":\"WebSite\",\"@id\":\"https:\\\/\\\/askcentar.rs\\\/#website\",\"url\":\"https:\\\/\\\/askcentar.rs\\\/\",\"name\":\"ASK Centar\",\"description\":\"Prostor u centru Beograda\",\"potentialAction\":[{\"@type\":\"SearchAction\",\"target\":{\"@type\":\"EntryPoint\",\"urlTemplate\":\"https:\\\/\\\/askcentar.rs\\\/?s={search_term_string}\"},\"query-input\":{\"@type\":\"PropertyValueSpecification\",\"valueRequired\":true,\"valueName\":\"search_term_string\"}}],\"inLanguage\":\"en-US\"}]}<\/script>\n<!-- \/ Yoast SEO plugin. -->","yoast_head_json":{"title":"Contact ASK Education Center","description":"Visit us at the address Topli\u010din venac number 11 or contact us on one of the phones +381652402801 or +381601707575. Find more information on the site!","robots":{"index":"index","follow":"follow","max-snippet":"max-snippet:-1","max-image-preview":"max-image-preview:large","max-video-preview":"max-video-preview:-1"},"canonical":"https:\/\/askcentar.rs\/en\/contact\/","og_locale":"en_US","og_type":"article","og_title":"Contact ASK Education Center","og_description":"Visit us at the address Topli\u010din venac number 11 or contact us on one of the phones +381652402801 or +381601707575. Find more information on the site!","og_url":"https:\/\/askcentar.rs\/en\/contact\/","og_site_name":"ASK Centar","article_modified_time":"2023-08-20T19:26:24+00:00","og_image":[{"width":1339,"height":712,"url":"https:\/\/askcentar.rs\/wp-content\/uploads\/2020\/07\/ASK-Centar-kontakt.jpg","type":"image\/jpeg"}],"twitter_card":"summary_large_image","twitter_misc":{"Est. reading time":"8 minutes"},"schema":{"@context":"https:\/\/schema.org","@graph":[{"@type":"WebPage","@id":"https:\/\/askcentar.rs\/en\/contact\/","url":"https:\/\/askcentar.rs\/en\/contact\/","name":"Contact ASK Education Center","isPartOf":{"@id":"https:\/\/askcentar.rs\/#website"},"primaryImageOfPage":{"@id":"https:\/\/askcentar.rs\/en\/contact\/#primaryimage"},"image":{"@id":"https:\/\/askcentar.rs\/en\/contact\/#primaryimage"},"thumbnailUrl":"https:\/\/askcentar.rs\/wp-content\/uploads\/2020\/07\/ASK-Centar-kontakt.jpg","datePublished":"2020-06-19T10:38:34+00:00","dateModified":"2023-08-20T19:26:24+00:00","description":"Visit us at the address Topli\u010din venac number 11 or contact us on one of the phones +381652402801 or +381601707575. Find more information on the site!","breadcrumb":{"@id":"https:\/\/askcentar.rs\/en\/contact\/#breadcrumb"},"inLanguage":"en-US","potentialAction":[{"@type":"ReadAction","target":["https:\/\/askcentar.rs\/en\/contact\/"]}]},{"@type":"ImageObject","inLanguage":"en-US","@id":"https:\/\/askcentar.rs\/en\/contact\/#primaryimage","url":"https:\/\/askcentar.rs\/wp-content\/uploads\/2020\/07\/ASK-Centar-kontakt.jpg","contentUrl":"https:\/\/askcentar.rs\/wp-content\/uploads\/2020\/07\/ASK-Centar-kontakt.jpg","width":1339,"height":712},{"@type":"BreadcrumbList","@id":"https:\/\/askcentar.rs\/en\/contact\/#breadcrumb","itemListElement":[{"@type":"ListItem","position":1,"name":"Home","item":"https:\/\/askcentar.rs\/en\/"},{"@type":"ListItem","position":2,"name":"Contact"}]},{"@type":"WebSite","@id":"https:\/\/askcentar.rs\/#website","url":"https:\/\/askcentar.rs\/","name":"ASK Centar","description":"Prostor u centru Beograda","potentialAction":[{"@type":"SearchAction","target":{"@type":"EntryPoint","urlTemplate":"https:\/\/askcentar.rs\/?s={search_term_string}"},"query-input":{"@type":"PropertyValueSpecification","valueRequired":true,"valueName":"search_term_string"}}],"inLanguage":"en-US"}]}},"_links":{"self":[{"href":"https:\/\/askcentar.rs\/en\/wp-json\/wp\/v2\/pages\/784","targetHints":{"allow":["GET"]}}],"collection":[{"href":"https:\/\/askcentar.rs\/en\/wp-json\/wp\/v2\/pages"}],"about":[{"href":"https:\/\/askcentar.rs\/en\/wp-json\/wp\/v2\/types\/page"}],"author":[{"embeddable":true,"href":"https:\/\/askcentar.rs\/en\/wp-json\/wp\/v2\/users\/4"}],"replies":[{"embeddable":true,"href":"https:\/\/askcentar.rs\/en\/wp-json\/wp\/v2\/comments?post=784"}],"version-history":[{"count":8,"href":"https:\/\/askcentar.rs\/en\/wp-json\/wp\/v2\/pages\/784\/revisions"}],"predecessor-version":[{"id":1086,"href":"https:\/\/askcentar.rs\/en\/wp-json\/wp\/v2\/pages\/784\/revisions\/1086"}],"wp:featuredmedia":[{"embeddable":true,"href":"https:\/\/askcentar.rs\/en\/wp-json\/wp\/v2\/media\/689"}],"wp:attachment":[{"href":"https:\/\/askcentar.rs\/en\/wp-json\/wp\/v2\/media?parent=784"}],"curies":[{"name":"wp","href":"https:\/\/api.w.org\/{rel}","templated":true}]}}